{"id":9211,"date":"2022-06-22T08:53:52","date_gmt":"2022-06-22T06:53:52","guid":{"rendered":"https:\/\/www.elreixac.com\/?page_id=9211"},"modified":"2022-06-22T08:57:27","modified_gmt":"2022-06-22T06:57:27","slug":"politica-de-privacitat","status":"publish","type":"page","link":"https:\/\/www.elreixac.com\/es\/politica-de-privacitat\/","title":{"rendered":"Pol\u00edtica de Privacidad"},"content":{"rendered":"<div data-elementor-type=\"wp-page\" data-elementor-id=\"9211\" class=\"elementor elementor-9211\">\n\t\t\t\t\t\t\t\t\t<section class=\"elementor-section elementor-top-section elementor-element elementor-element-1e211826 elementor-section-boxed elementor-section-height-default elementor-section-height-default qodef-elementor-content-no\" data-id=\"1e211826\" data-element_type=\"section\">\n\t\t\t\t\t\t<div class=\"elementor-container elementor-column-gap-default\">\n\t\t\t\t\t<div class=\"elementor-column elementor-col-100 elementor-top-column elementor-element elementor-element-1fe08e53\" data-id=\"1fe08e53\" data-element_type=\"column\">\n\t\t\t<div class=\"elementor-widget-wrap elementor-element-populated\">\n\t\t\t\t\t\t\t\t<div class=\"elementor-element elementor-element-5dad6c4b elementor-widget elementor-widget-text-editor\" data-id=\"5dad6c4b\" data-element_type=\"widget\" data-widget_type=\"text-editor.default\">\n\t\t\t\t<div class=\"elementor-widget-container\">\n\t\t\t<style>\/*! elementor - v3.15.0 - 20-08-2023 *\/\n.elementor-widget-text-editor.elementor-drop-cap-view-stacked .elementor-drop-cap{background-color:#69727d;color:#fff}.elementor-widget-text-editor.elementor-drop-cap-view-framed .elementor-drop-cap{color:#69727d;border:3px solid;background-color:transparent}.elementor-widget-text-editor:not(.elementor-drop-cap-view-default) .elementor-drop-cap{margin-top:8px}.elementor-widget-text-editor:not(.elementor-drop-cap-view-default) .elementor-drop-cap-letter{width:1em;height:1em}.elementor-widget-text-editor .elementor-drop-cap{float:left;text-align:center;line-height:1;font-size:50px}.elementor-widget-text-editor .elementor-drop-cap-letter{display:inline-block}<\/style>\t\t\t\t<!-- wp:paragraph -->\n<p><\/p>\n<!-- \/wp:paragraph -->\n\n<!-- wp:paragraph -->\n<p><\/p>\n<!-- \/wp:paragraph -->\t\t\t\t\t\t<\/div>\n\t\t\t\t<\/div>\n\t\t\t\t\t<\/div>\n\t\t<\/div>\n\t\t\t\t\t\t\t<\/div>\n\t\t<\/section>\n\t\t\t\t<section class=\"elementor-section elementor-top-section elementor-element elementor-element-cd72639 elementor-section-boxed elementor-section-height-default elementor-section-height-default qodef-elementor-content-no\" data-id=\"cd72639\" data-element_type=\"section\">\n\t\t\t\t\t\t<div class=\"elementor-container elementor-column-gap-default\">\n\t\t\t\t\t<div class=\"elementor-column elementor-col-100 elementor-top-column elementor-element elementor-element-9785dd1\" data-id=\"9785dd1\" data-element_type=\"column\">\n\t\t\t<div class=\"elementor-widget-wrap elementor-element-populated\">\n\t\t\t\t\t\t\t\t<div class=\"elementor-element elementor-element-a760ce0 elementor-widget elementor-widget-text-editor\" data-id=\"a760ce0\" data-element_type=\"widget\" data-widget_type=\"text-editor.default\">\n\t\t\t\t<div class=\"elementor-widget-container\">\n\t\t\t\t\t\t\t<p>A trav\u00e9s de la presente pol\u00edtica de privacidad CARME BO TUBAU quiere informar a todas las personas que naveguen y accedan al sitio web de <a href=\"https:\/\/www.elreixac.com\/es\/\">www.elreixac.com<\/a> sobre los tratamientos de datos personales realizados.<\/p>\n<p>El acceso al sitio web no requiere un registro previo. En cualquier caso, el Usuario con su navegaci\u00f3n acepta \u00edntegramente la presente pol\u00edtica de privacidad y pol\u00edtica de cookies.<\/p>\n<p>Antes del env\u00edo de cualquier solicitud de informaci\u00f3n a trav\u00e9s del formulario de contacto de esta p\u00e1gina web, el usuario debe aceptar la pol\u00edtica de privacidad, con el fin de prestar el consentimiento expreso e informado por el tratamiento de los datos con las finalidades indicadas.<\/p>\n<p><b>CARMEN BUENO TUBAZO<\/b>, de conformidad con el\u00a0<b>Reglamento (UE) 2016\/679, de 27 de abril de 2016, relativo a la protecci\u00f3n de las personas f\u00edsicas en lo que se refiere al tratamiento de datos personales ya la libre circulaci\u00f3n de estos datos<\/b>, as\u00ed como la Ley Org\u00e1nica 3\/2018, de 5 de diciembre, de Protecci\u00f3n de Datos Personales y Garant\u00eda de Derechos Digitales en calidad de Responsable del Tratamiento de los datos personales proporcionados le facilita la siguiente informaci\u00f3n:<\/p>\n<p>\u00a0<\/p>\n<p><b>Responsable del Tratamiento:<\/b><\/p>\n<p>Responsable:\u00a0<b>CARMEN BUENO TUBAZO<br \/><\/b>NIF:\u00a0<b>90000919X<br \/><\/b>Domicilio social: <b>Mas el Reixac, Solei Arriba 7<br \/><\/b>C\u00f3digo Postal:\u00a0<b>17860<br \/><\/b>Localidad:\u00a0<b>San Juan de las Abadesas<br \/><\/b>Provincia:\u00a0<b>Girona<br \/><\/b>Tel\u00e9fono: <b>972720373<br \/><\/b>Correo Electr\u00f3nico: <b><a href=\"mailto:elreixac@elreixac.com\">elreixac@elreixac.com<\/a><\/b><\/p>\n<p>\u00a0<\/p>\n<p><b>Finalidad del tratamiento:<\/b>\u00a0Tratamos los datos y la informaci\u00f3n que nos facilitan las personas interesadas con la finalidad de:<\/p>\n<p>Gestionar el uso de las funcionalidades puestas a disposici\u00f3n a trav\u00e9s del sitio web, entre ellas, la respuesta a solicitudes y\/o consultas realizadas as\u00ed como la preparaci\u00f3n de presupuestos.<\/p>\n<p>Los datos tratados a tal fin se conservar\u00e1n mientras se mantenga la relaci\u00f3n contractual y\/o negocial entre el Usuario y CARME BO TUBAU. En caso de que las solicitudes efectuadas por un usuario no mantengan una relaci\u00f3n contractual, los datos se conservar\u00e1n hasta haber resuelto la solicitud.<\/p>\n<p>Mantener informados a los Usuarios de productos y\/o servicios de CARME BO TUBAU, a trav\u00e9s de correo electr\u00f3nico o medios de comunicaci\u00f3n electr\u00f3nica equivalentes, siempre que el Usuario haya prestado su consentimiento marcando la casilla correspondiente.<\/p>\n<p>\u00a0<\/p>\n<p><b>Legitimaci\u00f3n:<\/b>\u00a0El tratamiento de estos datos est\u00e1 legitimado por la ejecuci\u00f3n de las obligaciones contractuales y\/o negociales.<\/p>\n<p><b>Criterios de conservaci\u00f3n de los datos:<\/b>\u00a0Los datos no se conservar\u00e1n m\u00e1s tiempo del necesario para los que han sido recabados, salvo que exista una obligaci\u00f3n legal.<\/p>\n<p><b>Comunicaci\u00f3n de los datos:<\/b>\u00a0No se comunicar\u00e1n a otros terceros, salvo obligaci\u00f3n legal o con el consentimiento expreso del interesado.<\/p>\n<p><b>Transferencias internacionales de datos:\u00a0<\/b>No se realizan transferencias internacionales de datos a terceros pa\u00edses fuera de la Uni\u00f3n Europea.<\/p>\n<p><b>Derechos que asisten al Interesado:<\/b> El interesado tendr\u00e1 derecho a retirar el consentimiento en cualquier momento. Asimismo, le informamos que podr\u00e1 ejercer sus derechos de acceso, rectificaci\u00f3n y supresi\u00f3n (Derecho al olvido), limitaci\u00f3n de los datos, portabilidad de los datos y oposici\u00f3n, enviando un escrito a Mas el Reixac, Solei , 17860 St Joan de les Abadesses o bien en el correo electr\u00f3nico en <b><a href=\"mailto:elreixac@elreixac.com\">elreixac@elreixac.com<\/a><\/b><\/p>\n<p>Asimismo, se informa al interesado que podr\u00e1 revocar el consentimiento del env\u00edo de comunicaciones comerciales enviando un correo electr\u00f3nico a <b><a href=\"mailto:elreixac@elreixac.com\">elreixac@elreixac.com<\/a><\/b><\/p>\n<p>La persona interesada puede presentar una reclamaci\u00f3n ante la autoridad de control en materia de protecci\u00f3n de datos competente, que actualmente es la Agencia Espa\u00f1ola de Protecci\u00f3n de Datos (AEPD), a trav\u00e9s de su sede electr\u00f3nica:\u00a0<a href=\"http:\/\/www.sedeagpd.gob.es\/sede-electronica-web\">www.sedeagpd.gob.es\/sede-electronica-web<\/a>, o enviando un escrito a C\/ Jorge Juan n\u00ba6 \u2013 28001 MADRID.<\/p>\n<p>\u00a0<\/p>\n<p><b>\u00bfES OBLIGATORIO PROPORCIONAR TODA LA INFORMACI\u00d3N SOLICITADA AL APARTADO DE CONTACTO?<\/b><\/p>\n<p>En relaci\u00f3n con el formulario de la p\u00e1gina web, el Usuario debe rellenar los marcados como \u201cobligatorios\u201d. No completar los datos personales requeridos o hacerlo parcialmente puede suponer que CARME BO TUBAU no pueda atender a sus solicitudes y, en consecuencia, CARME BO TUBAU quedar\u00e1 exonerada de toda responsabilidad por la no prestaci\u00f3n o prestaci\u00f3n incompleta de los servicios. licidades.<\/p>\n<p>Los datos personales que el Usuario facilita a CARME BO TUBAU deben ser actuales para que la informaci\u00f3n de los registros est\u00e9 actualizada y sin errores. El Usuario responder\u00e1 de la veracidad de los datos facilitados.<\/p>\n<p>\u00a0<\/p>\n<p><b>\u00bfQU\u00c9 MEDIDAS DE SEGURIDAD TIENE IMPLANTADAS LA ENTIDAD?<\/b><\/p>\n<p>CARME BO TUBAU informa que el tratamiento que realiza de datos personales se realiza en todo momento de acuerdo con la normativa aplicable en materia de protecci\u00f3n de datos y de los servicios de la sociedad de la informaci\u00f3n.<\/p>\n<p>CARME BO TUBAU informa que tiene implantadas las medidas de seguridad de \u00edndole t\u00e9cnica y organizativas necesarias que garanticen la seguridad de los datos de car\u00e1cter personal del Usuario y eviten su alteraci\u00f3n, p\u00e9rdida, tratamiento y\/o acceso no autorizado de acuerdo con el estado de la tecnolog\u00eda, la naturaleza de los datos almacenados y los riesgos a los que est\u00e1n expuestos, provengan de la acci\u00f3n humana o del medio f\u00edsico o natural, de conformidad con lo previsto en la normativa vigente.<\/p>\t\t\t\t\t\t<\/div>\n\t\t\t\t<\/div>\n\t\t\t\t\t<\/div>\n\t\t<\/div>\n\t\t\t\t\t\t\t<\/div>\n\t\t<\/section>\n\t\t\t\t\t\t\t<\/div>","protected":false},"excerpt":{"rendered":"<p>A trav\u00e9s de la presente pol\u00edtica de privacidad CARME BO TUBAU quiere informar a todas las personas que naveguen y accedan al sitio web de www.elreixac.com sobre los tratamientos de datos personales realizados. El acceso al sitio web no requiere un registro previo. En cualquier caso, el Usuario con su navegaci\u00f3n acepta \u00edntegramente la presente pol\u00edtica [\u2026]<\/p>","protected":false},"author":1,"featured_media":0,"parent":0,"menu_order":0,"comment_status":"closed","ping_status":"closed","template":"","meta":{"footnotes":""},"_links":{"self":[{"href":"https:\/\/www.elreixac.com\/es\/wp-json\/wp\/v2\/pages\/9211"}],"collection":[{"href":"https:\/\/www.elreixac.com\/es\/wp-json\/wp\/v2\/pages"}],"about":[{"href":"https:\/\/www.elreixac.com\/es\/wp-json\/wp\/v2\/types\/page"}],"author":[{"embeddable":true,"href":"https:\/\/www.elreixac.com\/es\/wp-json\/wp\/v2\/users\/1"}],"replies":[{"embeddable":true,"href":"https:\/\/www.elreixac.com\/es\/wp-json\/wp\/v2\/comments?post=9211"}],"version-history":[{"count":5,"href":"https:\/\/www.elreixac.com\/es\/wp-json\/wp\/v2\/pages\/9211\/revisions"}],"predecessor-version":[{"id":9217,"href":"https:\/\/www.elreixac.com\/es\/wp-json\/wp\/v2\/pages\/9211\/revisions\/9217"}],"wp:attachment":[{"href":"https:\/\/www.elreixac.com\/es\/wp-json\/wp\/v2\/media?parent=9211"}],"curies":[{"name":"wp","href":"https:\/\/api.w.org\/{rel}","templated":true}]}}