{"id":8682,"date":"2022-05-13T10:48:33","date_gmt":"2022-05-13T08:48:33","guid":{"rendered":"https:\/\/www.elreixac.com\/?page_id=8682"},"modified":"2022-06-22T08:52:22","modified_gmt":"2022-06-22T06:52:22","slug":"avis-legal","status":"publish","type":"page","link":"https:\/\/www.elreixac.com\/es\/avis-legal\/","title":{"rendered":"Aviso Legal"},"content":{"rendered":"<div data-elementor-type=\"wp-page\" data-elementor-id=\"8682\" class=\"elementor elementor-8682\">\n\t\t\t\t\t\t\t\t\t<section class=\"elementor-section elementor-top-section elementor-element elementor-element-fa2c686 elementor-section-boxed elementor-section-height-default elementor-section-height-default qodef-elementor-content-no\" data-id=\"fa2c686\" data-element_type=\"section\">\n\t\t\t\t\t\t<div class=\"elementor-container elementor-column-gap-default\">\n\t\t\t\t\t<div class=\"elementor-column elementor-col-100 elementor-top-column elementor-element elementor-element-6107a25\" data-id=\"6107a25\" data-element_type=\"column\">\n\t\t\t<div class=\"elementor-widget-wrap elementor-element-populated\">\n\t\t\t\t\t\t\t\t<div class=\"elementor-element elementor-element-846d769 elementor-widget elementor-widget-text-editor\" data-id=\"846d769\" data-element_type=\"widget\" data-widget_type=\"text-editor.default\">\n\t\t\t\t<div class=\"elementor-widget-container\">\n\t\t\t<style>\/*! elementor - v3.15.0 - 20-08-2023 *\/\n.elementor-widget-text-editor.elementor-drop-cap-view-stacked .elementor-drop-cap{background-color:#69727d;color:#fff}.elementor-widget-text-editor.elementor-drop-cap-view-framed .elementor-drop-cap{color:#69727d;border:3px solid;background-color:transparent}.elementor-widget-text-editor:not(.elementor-drop-cap-view-default) .elementor-drop-cap{margin-top:8px}.elementor-widget-text-editor:not(.elementor-drop-cap-view-default) .elementor-drop-cap-letter{width:1em;height:1em}.elementor-widget-text-editor .elementor-drop-cap{float:left;text-align:center;line-height:1;font-size:50px}.elementor-widget-text-editor .elementor-drop-cap-letter{display:inline-block}<\/style>\t\t\t\t<p>En cumplimiento de la Ley 34\/2002, de 11 de julio, de Servicios de la Sociedad de la Informaci\u00f3n y de Comercio electr\u00f3nico, se informa al Usuario que el titular de la p\u00e1gina web <a href=\"https:\/\/www.elreixac.com\/es\/\">www.elreixac.com<\/a> es de la propiedad de CARME BO TUBAU, y sus datos de identificaci\u00f3n son los siguientes:<\/p><p>Responsable:\u00a0<b>CARMEN BUENO TUBAZO<br \/><\/b>NIF:\u00a0<b>90000919X<br \/><\/b>Domicilio: <b>Mas El Reixac, Solei Arriba 7<br \/><\/b>C\u00f3digo Postal:\u00a0<b>17860<br \/><\/b>Localidad:\u00a0<b>San Juan de las Abadesas<br \/><\/b>Provincia:\u00a0<b>Girona<br \/><\/b>Correo Electr\u00f3nico: <b><a href=\"mailto:elreixac@elreixac.com\">elreixac@elreixac.com<\/a><\/b><\/p><p>\u00a0<\/p><p><b>ACCEDER A LA P\u00c1GINA WEB<\/b><\/p><p>El Aviso Legal regula el acceso y uso de los Usuarios a la p\u00e1gina web y tiene por objetivo dar a conocer los servicios de la entidad y permitir el acceso general de todos los usuarios de Internet.<\/p><p>El acceso y\/o uso de la Web atribuye a quien lo realiza la condici\u00f3n de Usuario y la aceptaci\u00f3n, sin reservas de clase alguna, de todas y cada una de las presentes condiciones generales, as\u00ed como de aquellas otras particulares que, en su caso, rijan la utilizaci\u00f3n del Portal o de los servicios vinculados al mismo.<\/p><p>El usuario debe leer atentamente el Aviso Legal y las Pol\u00edticas de Privacidad y de Cookies cuando se proponga utilizar la P\u00e1gina Web, ya que CARME BO TUBAU reserva la facultad de realizar, en cualquier momento y sin necesidad de preaviso alguno, cualquier modificaci\u00f3n o actualizaci\u00f3n de los contenidos y servicios, de las presentes disposiciones de acceso y uso y, en general, de cuantos elementos integren el dise\u00f1o y configuraci\u00f3n de su Web. Si no acepta las condiciones de acceso y uso, le rogamos se abstenga de utilizar la Web y su contenido.<\/p><p>\u00a0<\/p><p><b>UTILIZACI\u00d3N DE LA P\u00c1GINA WEB<\/b><\/p><p>El Usuario se compromete a hacer un uso diligente de la P\u00e1gina Web, as\u00ed como de la informaci\u00f3n relativa a sus servicios y\/o actividades, con total sujeci\u00f3n tanto a la normativa aplicable, as\u00ed como con la moral y buenas costumbres generalmente aceptadas y el orden p\u00fablico, las condiciones de acceso y uso y cualesquiera otras condiciones establecidas en la P\u00e1gina Web.<\/p><p>Adem\u00e1s, se compromete a abstenerse de utilizar cualquiera de los contenidos con fines o efectos il\u00edcitos, prohibidos en el presente texto, lesivos de los derechos e intereses de terceros, o que de cualquier forma puedan da\u00f1ar, inutilizar, sobrecargar, deteriorar o impedir la normal utilizaci\u00f3n de los contenidos, de otros Usuarios o de cualquier usuario de Internet (hardware y software).<\/p><p>\u00a0<\/p><p><b>FUNCIONAMIENTO DE LA P\u00c1GINA WEB<\/b><\/p><p>En caso de incumplimiento de las condiciones del Aviso Legal, o las Pol\u00edticas de Privacidad y Cookies, CARME BO TUBAU se reserva el derecho a limitar, suspender y\/o excluir el acceso a su P\u00e1gina Web, adoptando cualquier medida t\u00e9cnica necesaria a su respeto. CARME BO TUBAU har\u00e1 lo posible por mantener la p\u00e1gina Web en buen funcionamiento, evitando errores, o bien repar\u00e1ndolos y manteniendo los contenidos actualizados Ahora bien, CARME BO TUBAU no garantiza la disponibilidad y continuidad en el acceso a la P\u00e1gina Web ni la inexistencia de errores en el contenido.<\/p><p>\u00a0<\/p><p><b>RESPONSABILIDAD<\/b><\/p><p>El Usuario es el \u00fanico responsable del uso que pueda hacerse de cualquier informaci\u00f3n o mecanismo de la P\u00e1gina Web.<\/p><p>CARME BO TUBAU no se har\u00e1 responsable de ning\u00fan da\u00f1o en el hardware y\/o software del Usuario que se derive del acceso y uso de la P\u00e1gina Web. Asimismo, tampoco se responsabilizar\u00e1 de estos da\u00f1os y\/o perjuicios que puedan ocasionarse por el acceso y\/o uso de la informaci\u00f3n de la P\u00e1gina Web, y en concreto de los que se puedan producir en sistemas inform\u00e1ticos o los provocados por virus \/o ataques inform\u00e1ticos, ca\u00eddas, interrupciones ausencia o defecto en las comunicaciones y\/o Internet.<\/p><p>El Usuario ser\u00e1 responsable de los da\u00f1os y\/o perjuicios que CARME BO TUBAU pueda sufrir como consecuencia del incumplimiento de cualquiera de las obligaciones a las que queda sometido a trav\u00e9s del presente Aviso Legal, la normativa aplicable y Pol\u00edtica de Privacidad y de Cookies.<\/p><p>\u00a0<\/p><p><b>POL\u00cdTICA EN MATERIA DE \u201cLINKS\u201d (WEB ENLAZANTE Y WEB ENLAZADA)<\/b><\/p><p>a) Web enlazando:<\/p><p>Los terceros que tengan la intenci\u00f3n de incluir en una p\u00e1gina web un enlace de la presente p\u00e1gina web tendr\u00e1n que cumplir con la legislaci\u00f3n vigente y no podr\u00e1n alojar contenidos que sean inapropiados, il\u00edcitos, pornogr\u00e1ficos, violentos, etc.<\/p><p>En ning\u00fan caso CARME BO TUBAU se hace responsable del contenido de la P\u00e1gina Web, ni promueve, garantiza, supervisa ni recomienda los contenidos de \u00e9sta.<\/p><p>Si la Web enlazando incumple alguno de los aspectos anteriores estar\u00e1 obligado a suprimir el enlace de forma inmediata.<\/p><p>\u00a0<\/p><p>b) Web enlazada:<\/p><p>En esta P\u00e1gina Web se pueden incluir enlaces de p\u00e1ginas web de terceros que permitan al Usuario acceder a ellos. Sin embargo, CARME BO TUBAU no se hace responsable del contenido de estas p\u00e1ginas web enlazadas, sino que ser\u00e1 el Usuario el encargado de aceptar y comprobar los accesos cada vez que acceda a ellos. Tales enlaces o menciones tienen una finalidad que no implican el soporte, aprobaci\u00f3n, comercializaci\u00f3n o relaci\u00f3n alguna entre la p\u00e1gina y las personas o entidades titulares de los lugares donde se encuentren.<\/p><p>\u00a0<\/p><p><b>PROPIEDAD INTELECTUAL E INDUSTRIAL SOBRE LOS CONTENIDOS<\/b><\/p><p>CARME BO TUBAU es el titular de todos los derechos de propiedad intelectual sobre los Contenidos de la P\u00e1gina Web, entendiendo como tal todos los dise\u00f1os, bases de datos, programas de ordenadores subyacentes (c\u00f3digo fuente, incluido), as\u00ed como los diferentes elementos que integran la P\u00e1gina Web (textos, gr\u00e1ficos, fotograf\u00edas, v\u00eddeos, colores, etc.), estructura, orden, etc. En relaci\u00f3n a las marcas y nombres comerciales (\u201csignos distintivos\u201d) son titularidad de CARME BO TUBAU.<\/p><p>El uso de la P\u00e1gina Web por parte del Usuario no supone la cesi\u00f3n de ning\u00fan derecho de propiedad intelectual ni industrial. El Usuario tiene totalmente prohibido reproducir, copiar, distribuir, poner a disposici\u00f3n o de cualquier otra forma de comunicar p\u00fablicamente, transformar o modificar los Contenidos o los Signos distintivos, salvo que se cuente con la autorizaci\u00f3n del titular de los correspondientes derechos o ello resulte legalmente permitido.<\/p><p>\u00a0<\/p><p><b>PUBLICIDAD<\/b><\/p><p>En la p\u00e1gina Web podr\u00e1n alojarse contenidos publicitarios o patrocinados. Los anunciantes o patrocinadores son los \u00fanicos responsables de asegurarse de que el material remitido para su inclusi\u00f3n en la Web cumple con las leyes que en cada caso puedan ser de aplicaci\u00f3n.<\/p><p>CARME BO TUBAU no ser\u00e1 responsable de ning\u00fan error, inexactitud o irregularidad que puedan contener los contenidos publicitarios o de los patrocinadores.<\/p><p>\u00a0<\/p><p><b>LEGISLACI\u00d3N APLICABLE<\/b><\/p><p>El Aviso Legal se regir\u00e1 e interpretar\u00e1 de conformidad con la legislaci\u00f3n espa\u00f1ola.<\/p><p>Por la resoluci\u00f3n de cualquier conflicto que pudiera derivarse del acceso al sitio web, se someter\u00e1n a los juzgados o tribunales pertinentes de conformidad con la normativa de consumidores y usuarios.<\/p><p>\u00a0<\/p><p><b>CONTACTO<\/b><\/p><p>Para cualquier pregunta o comentario sobre el presente Aviso Legal puede ponerse en contacto con nosotros a trav\u00e9s del correo electr\u00f3nico <a href=\"mailto:elreixac@elreixac.com\">elreixac@elreixac.com<\/a><\/p>\t\t\t\t\t\t<\/div>\n\t\t\t\t<\/div>\n\t\t\t\t\t<\/div>\n\t\t<\/div>\n\t\t\t\t\t\t\t<\/div>\n\t\t<\/section>\n\t\t\t\t\t\t\t<\/div>","protected":false},"excerpt":{"rendered":"<p>En cumplimiento de la Ley 34\/2002, de 11 de julio, de Servicios de la Sociedad de la Informaci\u00f3n y de Comercio electr\u00f3nico, se informa al Usuario que el titular de la p\u00e1gina web www.elreixac.com es de la propiedad de CARME BO TUBAU, y sus datos de identificaci\u00f3n son los siguientes: Responsable: CARME BO TUBAUNIF: 90000919XDomicilio: Mas El Reixac, Solei [\u2026]<\/p>","protected":false},"author":1,"featured_media":0,"parent":0,"menu_order":0,"comment_status":"closed","ping_status":"closed","template":"","meta":{"footnotes":""},"_links":{"self":[{"href":"https:\/\/www.elreixac.com\/es\/wp-json\/wp\/v2\/pages\/8682"}],"collection":[{"href":"https:\/\/www.elreixac.com\/es\/wp-json\/wp\/v2\/pages"}],"about":[{"href":"https:\/\/www.elreixac.com\/es\/wp-json\/wp\/v2\/types\/page"}],"author":[{"embeddable":true,"href":"https:\/\/www.elreixac.com\/es\/wp-json\/wp\/v2\/users\/1"}],"replies":[{"embeddable":true,"href":"https:\/\/www.elreixac.com\/es\/wp-json\/wp\/v2\/comments?post=8682"}],"version-history":[{"count":12,"href":"https:\/\/www.elreixac.com\/es\/wp-json\/wp\/v2\/pages\/8682\/revisions"}],"predecessor-version":[{"id":9210,"href":"https:\/\/www.elreixac.com\/es\/wp-json\/wp\/v2\/pages\/8682\/revisions\/9210"}],"wp:attachment":[{"href":"https:\/\/www.elreixac.com\/es\/wp-json\/wp\/v2\/media?parent=8682"}],"curies":[{"name":"wp","href":"https:\/\/api.w.org\/{rel}","templated":true}]}}