{"id":445,"date":"2021-06-04T14:51:24","date_gmt":"2021-06-04T12:51:24","guid":{"rendered":"https:\/\/kamperen.qodeinteractive.com\/?page_id=445"},"modified":"2026-04-23T16:18:53","modified_gmt":"2026-04-23T14:18:53","slug":"noticies","status":"publish","type":"page","link":"https:\/\/www.elreixac.com\/es\/noticies\/","title":{"rendered":"Noticias"},"content":{"rendered":"<div data-elementor-type=\"wp-page\" data-elementor-id=\"445\" class=\"elementor elementor-445\">\n\t\t\t\t\t\t\t\t\t<section class=\"elementor-section elementor-top-section elementor-element elementor-element-47cff67 elementor-section-full_width qodef-elementor-content-grid elementor-section-height-default elementor-section-height-default elementor-invisible\" data-id=\"47cff67\" data-element_type=\"section\" data-settings=\"{&quot;animation&quot;:&quot;fadeInUp&quot;}\">\n\t\t\t\t\t\t<div class=\"elementor-container elementor-column-gap-default\">\n\t\t\t\t\t<div class=\"elementor-column elementor-col-100 elementor-top-column elementor-element elementor-element-32b0e08\" data-id=\"32b0e08\" data-element_type=\"column\">\n\t\t\t<div class=\"elementor-widget-wrap elementor-element-populated\">\n\t\t\t\t\t\t\t\t<div class=\"elementor-element elementor-element-86fa15e elementor-widget elementor-widget-kamperen_core_blog_list\" data-id=\"86fa15e\" data-element_type=\"widget\" data-widget_type=\"kamperen_core_blog_list.default\">\n\t\t\t\t<div class=\"elementor-widget-container\">\n\t\t\t<div class=\"qodef-shortcode qodef-m  qodef-blog qodef-item-layout--metro qodef-grid qodef-layout--columns  qodef-gutter--normal qodef-col-num--3 qodef-item-layout--metro qodef-pagination--on qodef-pagination-type--standard qodef-responsive--custom qodef-col-num--1440--3 qodef-col-num--1366--3 qodef-col-num--1024--2 qodef-col-num--768--2 qodef-col-num--680--1 qodef-col-num--480--1\" data-options=\"{&quot;plugin&quot;:&quot;kamperen_core&quot;,&quot;module&quot;:&quot;blog\\\/shortcodes&quot;,&quot;shortcode&quot;:&quot;blog-list&quot;,&quot;post_type&quot;:&quot;post&quot;,&quot;next_page&quot;:&quot;2&quot;,&quot;behavior&quot;:&quot;columns&quot;,&quot;images_proportion&quot;:&quot;full&quot;,&quot;columns&quot;:&quot;3&quot;,&quot;columns_responsive&quot;:&quot;custom&quot;,&quot;columns_1440&quot;:&quot;3&quot;,&quot;columns_1366&quot;:&quot;3&quot;,&quot;columns_1024&quot;:&quot;2&quot;,&quot;columns_768&quot;:&quot;2&quot;,&quot;columns_680&quot;:&quot;1&quot;,&quot;columns_480&quot;:&quot;1&quot;,&quot;space&quot;:&quot;normal&quot;,&quot;posts_per_page&quot;:&quot;-1&quot;,&quot;orderby&quot;:&quot;date&quot;,&quot;order&quot;:&quot;DESC&quot;,&quot;layout&quot;:&quot;metro&quot;,&quot;title_tag&quot;:&quot;h3&quot;,&quot;excerpt_length&quot;:&quot;130&quot;,&quot;pagination_type&quot;:&quot;standard&quot;,&quot;object_class_name&quot;:&quot;KamperenCore_Blog_List_Shortcode&quot;,&quot;taxonomy_filter&quot;:&quot;category&quot;,&quot;space_value&quot;:15}\">\n\t\t<div class=\"qodef-grid-inner clear\">\n\t\t<article class=\"qodef-e qodef-blog-item qodef-grid-item qodef-item--full post-9016 post type-post status-publish format-standard has-post-thumbnail hentry category-activitats\">\n\t<div class=\"qodef-e-inner\">\n\t\t<div class=\"qodef-e-media\">\n\t\t<div class=\"qodef-e-media-image\">\n\t\t<a itemprop=\"url\" href=\"https:\/\/www.elreixac.com\/es\/tallers-residencies-formacions\/\">\n\t\t\t<img loading=\"lazy\" width=\"2560\" height=\"1696\" src=\"https:\/\/www.elreixac.com\/wp-content\/uploads\/2022\/05\/CAPCALERA-TALLERS-1-scaled.jpg\" class=\"attachment-full size-full\" alt=\"\" decoding=\"async\" srcset=\"https:\/\/www.elreixac.com\/wp-content\/uploads\/2022\/05\/CAPCALERA-TALLERS-1-scaled.jpg 2560w, https:\/\/www.elreixac.com\/wp-content\/uploads\/2022\/05\/CAPCALERA-TALLERS-1-300x199.jpg 300w, https:\/\/www.elreixac.com\/wp-content\/uploads\/2022\/05\/CAPCALERA-TALLERS-1-1024x678.jpg 1024w, https:\/\/www.elreixac.com\/wp-content\/uploads\/2022\/05\/CAPCALERA-TALLERS-1-768x509.jpg 768w, https:\/\/www.elreixac.com\/wp-content\/uploads\/2022\/05\/CAPCALERA-TALLERS-1-1536x1018.jpg 1536w, https:\/\/www.elreixac.com\/wp-content\/uploads\/2022\/05\/CAPCALERA-TALLERS-1-2048x1357.jpg 2048w, https:\/\/www.elreixac.com\/wp-content\/uploads\/2022\/05\/CAPCALERA-TALLERS-1-18x12.jpg 18w, https:\/\/www.elreixac.com\/wp-content\/uploads\/2022\/05\/CAPCALERA-TALLERS-1-600x398.jpg 600w\" sizes=\"(max-width: 2560px) 100vw, 2560px\" \/>\t\t<\/a>\n\t<\/div>\n\t\n\t\n<a itemprop=\"dateCreated\" href=\"https:\/\/www.elreixac.com\/es\/2022\/05\/\" class=\"qodef-image-date entry-date\">\n\t\t\t<span class=\"qodef-date-day\">25<\/span>\n\t\t<span class=\"qodef-date-month\">May<\/span>\n\t<\/a>\n<div class=\"qodef-info-separator-end\"><\/div>\n<\/div>\n\t\t<div class=\"qodef-e-content\">\n\t\t\t<div class=\"qodef-e-top-holder\">\n\t\t\t\t<div class=\"qodef-e-info\">\n\t\t\t\t\tActividades<div class=\"qodef-info-separator-end\"><\/div><a itemprop=\"author\" href=\"https:\/\/www.elreixac.com\/es\/author\/admin\/\" class=\"qodef-e-info-author\">\n\t<span class=\"qodef-e-info-author-label\">by<\/span>\n\t<span class=\"qodef-e-info-author-link\">admin<\/span>\n<\/a><div class=\"qodef-info-separator-end\"><\/div>\n\t\t\t\t<\/div>\n\t\t\t<\/div>\n\t\t\t<div class=\"qodef-e-text\">\n\t\t\t\t<h3 itemprop=\"name\" class=\"qodef-e-title entry-title\" >\n\t<a itemprop=\"url\" class=\"qodef-e-title-link\" href=\"https:\/\/www.elreixac.com\/es\/tallers-residencies-formacions\/\">\n\t\tTalleres, residencias, formaciones\t<\/a>\n<\/h3>\n\t\t<p itemprop=\"description\" class=\"qodef-e-excerpt\">\n\t\t\t\u00bfBuscas una casa donde organizar tus talleres, residencias o formaciones? Ponte en contacto con nosotros a trav\u00e9s del correo...\t\t<\/p>\n\t\t\t\t<\/div>\n\t\t\t<div class=\"qodef-e-bottom-holder\">\n\t\t\t\t<div class=\"qodef-e-left\">\n\t\t\t\t\t\t<div class=\"qodef-e-read-more\">\n\t\t<a class=\"qodef-shortcode qodef-m  qodef-button qodef-layout--textual  qodef-html--link\" href=\"https:\/\/www.elreixac.com\/es\/tallers-residencies-formacions\/\" target=\"_self\"  >\t<span class=\"qodef-m-text\">Read More<\/span>\t<span class=\"qodef-m-icon\">\t\t<svg xmlns=\"http:\/\/www.w3.org\/2000\/svg\" width=\"20.053\" height=\"10.039\" viewbox=\"0 0 20.053 10.039\">\t\t\t  <path d=\"M17.474,11.444a.683.683,0,0,0-.005.962l3.179,3.184H3.549a.68.68,0,0,0,0,1.359H20.643l-3.179,3.184a.688.688,0,0,0,.005.962.677.677,0,0,0,.957-.005l4.308-4.34h0a.763.763,0,0,0,.141-.214.649.649,0,0,0,.052-.261.681.681,0,0,0-.193-.476l-4.308-4.34A.666.666,0,0,0,17.474,11.444Z\" transform=\"translate(-2.875 -11.252)\"\/>\t\t<\/svg>\t<\/span><\/a>\t<\/div>\n\t\t\t\t<\/div>\n\t\t\t<\/div>\n\t\t<\/div>\n\t<\/div>\n<\/article>\n<article class=\"qodef-e qodef-blog-item qodef-grid-item qodef-item--full post-7712 post type-post status-publish format-standard hentry category-natura\">\n\t<div class=\"qodef-e-inner\">\n\t\t<div class=\"qodef-e-media\">\n\t\t<div class=\"qodef-e-media-image\">\n\t\t<a itemprop=\"url\" href=\"https:\/\/www.elreixac.com\/es\/fruits-del-bosc-bolets-i-plantes\/\">\n\t\t\t<img loading=\"lazy\" width=\"2560\" height=\"1708\" src=\"https:\/\/www.elreixac.com\/wp-content\/uploads\/2022\/04\/NOTICIA-FRUITS-1-scaled.jpg\" class=\"attachment-full size-full\" alt=\"\" decoding=\"async\" srcset=\"https:\/\/www.elreixac.com\/wp-content\/uploads\/2022\/04\/NOTICIA-FRUITS-1-scaled.jpg 2560w, https:\/\/www.elreixac.com\/wp-content\/uploads\/2022\/04\/NOTICIA-FRUITS-1-300x200.jpg 300w, https:\/\/www.elreixac.com\/wp-content\/uploads\/2022\/04\/NOTICIA-FRUITS-1-1024x683.jpg 1024w, https:\/\/www.elreixac.com\/wp-content\/uploads\/2022\/04\/NOTICIA-FRUITS-1-768x513.jpg 768w, https:\/\/www.elreixac.com\/wp-content\/uploads\/2022\/04\/NOTICIA-FRUITS-1-1536x1025.jpg 1536w, https:\/\/www.elreixac.com\/wp-content\/uploads\/2022\/04\/NOTICIA-FRUITS-1-2048x1367.jpg 2048w, https:\/\/www.elreixac.com\/wp-content\/uploads\/2022\/04\/NOTICIA-FRUITS-1-600x400.jpg 600w\" sizes=\"(max-width: 2560px) 100vw, 2560px\" \/>\t\t<\/a>\n\t<\/div>\n\t\n\t\n<a itemprop=\"dateCreated\" href=\"https:\/\/www.elreixac.com\/es\/2022\/04\/\" class=\"qodef-image-date entry-date\">\n\t\t\t<span class=\"qodef-date-day\">6<\/span>\n\t\t<span class=\"qodef-date-month\">Abr<\/span>\n\t<\/a>\n<div class=\"qodef-info-separator-end\"><\/div>\n<\/div>\n\t\t<div class=\"qodef-e-content\">\n\t\t\t<div class=\"qodef-e-top-holder\">\n\t\t\t\t<div class=\"qodef-e-info\">\n\t\t\t\t\tNaturaleza<div class=\"qodef-info-separator-end\"><\/div><a itemprop=\"author\" href=\"https:\/\/www.elreixac.com\/es\/author\/admin\/\" class=\"qodef-e-info-author\">\n\t<span class=\"qodef-e-info-author-label\">by<\/span>\n\t<span class=\"qodef-e-info-author-link\">admin<\/span>\n<\/a><div class=\"qodef-info-separator-end\"><\/div>\n\t\t\t\t<\/div>\n\t\t\t<\/div>\n\t\t\t<div class=\"qodef-e-text\">\n\t\t\t\t<h3 itemprop=\"name\" class=\"qodef-e-title entry-title\" >\n\t<a itemprop=\"url\" class=\"qodef-e-title-link\" href=\"https:\/\/www.elreixac.com\/es\/fruits-del-bosc-bolets-i-plantes\/\">\n\t\tFrutos del bosque, setas y plantas\u00a0\t<\/a>\n<\/h3>\n\t\t<p itemprop=\"description\" class=\"qodef-e-excerpt\">\n\t\t\tEl Reixac, rodeado de bosque, es un lugar id\u00f3neo para descubrir las plantas, los frutos, las setas y todas las ofrendas que la naturaleza,...\t\t<\/p>\n\t\t\t\t<\/div>\n\t\t\t<div class=\"qodef-e-bottom-holder\">\n\t\t\t\t<div class=\"qodef-e-left\">\n\t\t\t\t\t\t<div class=\"qodef-e-read-more\">\n\t\t<a class=\"qodef-shortcode qodef-m  qodef-button qodef-layout--textual  qodef-html--link\" href=\"https:\/\/www.elreixac.com\/es\/fruits-del-bosc-bolets-i-plantes\/\" target=\"_self\"  >\t<span class=\"qodef-m-text\">Read More<\/span>\t<span class=\"qodef-m-icon\">\t\t<svg xmlns=\"http:\/\/www.w3.org\/2000\/svg\" width=\"20.053\" height=\"10.039\" viewbox=\"0 0 20.053 10.039\">\t\t\t  <path d=\"M17.474,11.444a.683.683,0,0,0-.005.962l3.179,3.184H3.549a.68.68,0,0,0,0,1.359H20.643l-3.179,3.184a.688.688,0,0,0,.005.962.677.677,0,0,0,.957-.005l4.308-4.34h0a.763.763,0,0,0,.141-.214.649.649,0,0,0,.052-.261.681.681,0,0,0-.193-.476l-4.308-4.34A.666.666,0,0,0,17.474,11.444Z\" transform=\"translate(-2.875 -11.252)\"\/>\t\t<\/svg>\t<\/span><\/a>\t<\/div>\n\t\t\t\t<\/div>\n\t\t\t<\/div>\n\t\t<\/div>\n\t<\/div>\n<\/article>\n<article class=\"qodef-e qodef-blog-item qodef-grid-item qodef-item--full post-7709 post type-post status-publish format-standard hentry category-activitats\">\n\t<div class=\"qodef-e-inner\">\n\t\t<div class=\"qodef-e-media\">\n\t\t<div class=\"qodef-e-media-image\">\n\t\t<a itemprop=\"url\" href=\"https:\/\/www.elreixac.com\/es\/torrents-i-gorgs-amagats\/\">\n\t\t\t<img loading=\"lazy\" width=\"2560\" height=\"1708\" src=\"https:\/\/www.elreixac.com\/wp-content\/uploads\/2022\/04\/NOTICIA-GORGS-1-scaled.jpg\" class=\"attachment-full size-full\" alt=\"\" decoding=\"async\" srcset=\"https:\/\/www.elreixac.com\/wp-content\/uploads\/2022\/04\/NOTICIA-GORGS-1-scaled.jpg 2560w, https:\/\/www.elreixac.com\/wp-content\/uploads\/2022\/04\/NOTICIA-GORGS-1-300x200.jpg 300w, https:\/\/www.elreixac.com\/wp-content\/uploads\/2022\/04\/NOTICIA-GORGS-1-1024x683.jpg 1024w, https:\/\/www.elreixac.com\/wp-content\/uploads\/2022\/04\/NOTICIA-GORGS-1-768x512.jpg 768w, https:\/\/www.elreixac.com\/wp-content\/uploads\/2022\/04\/NOTICIA-GORGS-1-1536x1025.jpg 1536w, https:\/\/www.elreixac.com\/wp-content\/uploads\/2022\/04\/NOTICIA-GORGS-1-2048x1367.jpg 2048w, https:\/\/www.elreixac.com\/wp-content\/uploads\/2022\/04\/NOTICIA-GORGS-1-600x400.jpg 600w\" sizes=\"(max-width: 2560px) 100vw, 2560px\" \/>\t\t<\/a>\n\t<\/div>\n\t\n\t\n<a itemprop=\"dateCreated\" href=\"https:\/\/www.elreixac.com\/es\/2022\/04\/\" class=\"qodef-image-date entry-date\">\n\t\t\t<span class=\"qodef-date-day\">6<\/span>\n\t\t<span class=\"qodef-date-month\">Abr<\/span>\n\t<\/a>\n<div class=\"qodef-info-separator-end\"><\/div>\n<\/div>\n\t\t<div class=\"qodef-e-content\">\n\t\t\t<div class=\"qodef-e-top-holder\">\n\t\t\t\t<div class=\"qodef-e-info\">\n\t\t\t\t\tActividades<div class=\"qodef-info-separator-end\"><\/div><a itemprop=\"author\" href=\"https:\/\/www.elreixac.com\/es\/author\/admin\/\" class=\"qodef-e-info-author\">\n\t<span class=\"qodef-e-info-author-label\">by<\/span>\n\t<span class=\"qodef-e-info-author-link\">admin<\/span>\n<\/a><div class=\"qodef-info-separator-end\"><\/div>\n\t\t\t\t<\/div>\n\t\t\t<\/div>\n\t\t\t<div class=\"qodef-e-text\">\n\t\t\t\t<h3 itemprop=\"name\" class=\"qodef-e-title entry-title\" >\n\t<a itemprop=\"url\" class=\"qodef-e-title-link\" href=\"https:\/\/www.elreixac.com\/es\/torrents-i-gorgs-amagats\/\">\n\t\tTorrentes y pozas escondidas\t<\/a>\n<\/h3>\n\t\t<p itemprop=\"description\" class=\"qodef-e-excerpt\">\n\t\t\tSi en verano te gusta adentrarse en la naturaleza y disfrutar de un buen ba\u00f1o en el r\u00edo, desde el Reixac puede descubrir torrentes, pozas escondidas...\t\t<\/p>\n\t\t\t\t<\/div>\n\t\t\t<div class=\"qodef-e-bottom-holder\">\n\t\t\t\t<div class=\"qodef-e-left\">\n\t\t\t\t\t\t<div class=\"qodef-e-read-more\">\n\t\t<a class=\"qodef-shortcode qodef-m  qodef-button qodef-layout--textual  qodef-html--link\" href=\"https:\/\/www.elreixac.com\/es\/torrents-i-gorgs-amagats\/\" target=\"_self\"  >\t<span class=\"qodef-m-text\">Read More<\/span>\t<span class=\"qodef-m-icon\">\t\t<svg xmlns=\"http:\/\/www.w3.org\/2000\/svg\" width=\"20.053\" height=\"10.039\" viewbox=\"0 0 20.053 10.039\">\t\t\t  <path d=\"M17.474,11.444a.683.683,0,0,0-.005.962l3.179,3.184H3.549a.68.68,0,0,0,0,1.359H20.643l-3.179,3.184a.688.688,0,0,0,.005.962.677.677,0,0,0,.957-.005l4.308-4.34h0a.763.763,0,0,0,.141-.214.649.649,0,0,0,.052-.261.681.681,0,0,0-.193-.476l-4.308-4.34A.666.666,0,0,0,17.474,11.444Z\" transform=\"translate(-2.875 -11.252)\"\/>\t\t<\/svg>\t<\/span><\/a>\t<\/div>\n\t\t\t\t<\/div>\n\t\t\t<\/div>\n\t\t<\/div>\n\t<\/div>\n<\/article>\n<article class=\"qodef-e qodef-blog-item qodef-grid-item qodef-item--full post-7690 post type-post status-publish format-standard hentry category-activitats\">\n\t<div class=\"qodef-e-inner\">\n\t\t<div class=\"qodef-e-media\">\n\t\t<div class=\"qodef-e-media-image\">\n\t\t<a itemprop=\"url\" href=\"https:\/\/www.elreixac.com\/es\/dos-cims-emblematics\/\">\n\t\t\t<img loading=\"lazy\" width=\"2560\" height=\"1707\" src=\"https:\/\/www.elreixac.com\/wp-content\/uploads\/2022\/04\/NOTICIA-CIMS-1-scaled.jpg\" class=\"attachment-full size-full\" alt=\"\" decoding=\"async\" srcset=\"https:\/\/www.elreixac.com\/wp-content\/uploads\/2022\/04\/NOTICIA-CIMS-1-scaled.jpg 2560w, https:\/\/www.elreixac.com\/wp-content\/uploads\/2022\/04\/NOTICIA-CIMS-1-300x200.jpg 300w, https:\/\/www.elreixac.com\/wp-content\/uploads\/2022\/04\/NOTICIA-CIMS-1-1024x683.jpg 1024w, https:\/\/www.elreixac.com\/wp-content\/uploads\/2022\/04\/NOTICIA-CIMS-1-768x512.jpg 768w, https:\/\/www.elreixac.com\/wp-content\/uploads\/2022\/04\/NOTICIA-CIMS-1-1536x1024.jpg 1536w, https:\/\/www.elreixac.com\/wp-content\/uploads\/2022\/04\/NOTICIA-CIMS-1-2048x1365.jpg 2048w, https:\/\/www.elreixac.com\/wp-content\/uploads\/2022\/04\/NOTICIA-CIMS-1-600x400.jpg 600w\" sizes=\"(max-width: 2560px) 100vw, 2560px\" \/>\t\t<\/a>\n\t<\/div>\n\t\n\t\n<a itemprop=\"dateCreated\" href=\"https:\/\/www.elreixac.com\/es\/2022\/04\/\" class=\"qodef-image-date entry-date\">\n\t\t\t<span class=\"qodef-date-day\">6<\/span>\n\t\t<span class=\"qodef-date-month\">Abr<\/span>\n\t<\/a>\n<div class=\"qodef-info-separator-end\"><\/div>\n<\/div>\n\t\t<div class=\"qodef-e-content\">\n\t\t\t<div class=\"qodef-e-top-holder\">\n\t\t\t\t<div class=\"qodef-e-info\">\n\t\t\t\t\tActividades<div class=\"qodef-info-separator-end\"><\/div><a itemprop=\"author\" href=\"https:\/\/www.elreixac.com\/es\/author\/admin\/\" class=\"qodef-e-info-author\">\n\t<span class=\"qodef-e-info-author-label\">by<\/span>\n\t<span class=\"qodef-e-info-author-link\">admin<\/span>\n<\/a><div class=\"qodef-info-separator-end\"><\/div>\n\t\t\t\t<\/div>\n\t\t\t<\/div>\n\t\t\t<div class=\"qodef-e-text\">\n\t\t\t\t<h3 itemprop=\"name\" class=\"qodef-e-title entry-title\" >\n\t<a itemprop=\"url\" class=\"qodef-e-title-link\" href=\"https:\/\/www.elreixac.com\/es\/dos-cims-emblematics\/\">\n\t\tDos picos emblem\u00e1ticos\t<\/a>\n<\/h3>\n\t\t<p itemprop=\"description\" class=\"qodef-e-excerpt\">\n\t\t\tSi te gusta ver el mundo desde lo alto de las crestas m\u00e1s altas y quieres disfrutar de hacer alguna de las cimas m\u00e1s emblem\u00e1ticas del...\t\t<\/p>\n\t\t\t\t<\/div>\n\t\t\t<div class=\"qodef-e-bottom-holder\">\n\t\t\t\t<div class=\"qodef-e-left\">\n\t\t\t\t\t\t<div class=\"qodef-e-read-more\">\n\t\t<a class=\"qodef-shortcode qodef-m  qodef-button qodef-layout--textual  qodef-html--link\" href=\"https:\/\/www.elreixac.com\/es\/dos-cims-emblematics\/\" target=\"_self\"  >\t<span class=\"qodef-m-text\">Read More<\/span>\t<span class=\"qodef-m-icon\">\t\t<svg xmlns=\"http:\/\/www.w3.org\/2000\/svg\" width=\"20.053\" height=\"10.039\" viewbox=\"0 0 20.053 10.039\">\t\t\t  <path d=\"M17.474,11.444a.683.683,0,0,0-.005.962l3.179,3.184H3.549a.68.68,0,0,0,0,1.359H20.643l-3.179,3.184a.688.688,0,0,0,.005.962.677.677,0,0,0,.957-.005l4.308-4.34h0a.763.763,0,0,0,.141-.214.649.649,0,0,0,.052-.261.681.681,0,0,0-.193-.476l-4.308-4.34A.666.666,0,0,0,17.474,11.444Z\" transform=\"translate(-2.875 -11.252)\"\/>\t\t<\/svg>\t<\/span><\/a>\t<\/div>\n\t\t\t\t<\/div>\n\t\t\t<\/div>\n\t\t<\/div>\n\t<\/div>\n<\/article>\n\t<\/div>\n\t<\/div>\n\t\t<\/div>\n\t\t\t\t<\/div>\n\t\t\t\t\t<\/div>\n\t\t<\/div>\n\t\t\t\t\t\t\t<\/div>\n\t\t<\/section>\n\t\t\t\t<section class=\"elementor-section elementor-top-section elementor-element elementor-element-100c132 elementor-section-boxed elementor-section-height-default elementor-section-height-default qodef-elementor-content-no\" data-id=\"100c132\" data-element_type=\"section\">\n\t\t\t\t\t\t<div class=\"elementor-container elementor-column-gap-default\">\n\t\t\t\t\t<div class=\"elementor-column elementor-col-100 elementor-top-column elementor-element elementor-element-4762d8f\" data-id=\"4762d8f\" data-element_type=\"column\">\n\t\t\t<div class=\"elementor-widget-wrap elementor-element-populated\">\n\t\t\t\t\t\t\t\t\t<\/div>\n\t\t<\/div>\n\t\t\t\t\t\t\t<\/div>\n\t\t<\/section>\n\t\t\t\t\t\t\t<\/div>","protected":false},"excerpt":{"rendered":"<p>25 maig Activitats by admin Tallers, resid\u00e8ncies, formacions Busques una casa on organitzar els teus tallers, resid\u00e8ncies o formacions? Posa\u2019t en contacte amb nosaltres a trav\u00e9s del correu el&#8230; Read More 6 abr. Natura by admin Fruits del bosc, bolets i plantes\u00a0 El Reixac, envoltat de bosc, \u00e9s un lloc idoni per descobrir les plantes, [&hellip;]<\/p>","protected":false},"author":1,"featured_media":0,"parent":0,"menu_order":0,"comment_status":"closed","ping_status":"closed","template":"","meta":{"footnotes":""},"_links":{"self":[{"href":"https:\/\/www.elreixac.com\/es\/wp-json\/wp\/v2\/pages\/445"}],"collection":[{"href":"https:\/\/www.elreixac.com\/es\/wp-json\/wp\/v2\/pages"}],"about":[{"href":"https:\/\/www.elreixac.com\/es\/wp-json\/wp\/v2\/types\/page"}],"author":[{"embeddable":true,"href":"https:\/\/www.elreixac.com\/es\/wp-json\/wp\/v2\/users\/1"}],"replies":[{"embeddable":true,"href":"https:\/\/www.elreixac.com\/es\/wp-json\/wp\/v2\/comments?post=445"}],"version-history":[{"count":37,"href":"https:\/\/www.elreixac.com\/es\/wp-json\/wp\/v2\/pages\/445\/revisions"}],"predecessor-version":[{"id":9302,"href":"https:\/\/www.elreixac.com\/es\/wp-json\/wp\/v2\/pages\/445\/revisions\/9302"}],"wp:attachment":[{"href":"https:\/\/www.elreixac.com\/es\/wp-json\/wp\/v2\/media?parent=445"}],"curies":[{"name":"wp","href":"https:\/\/api.w.org\/{rel}","templated":true}]}}